{"id":968,"date":"2024-07-26T19:59:55","date_gmt":"2024-07-26T17:59:55","guid":{"rendered":"https:\/\/perfectio-die-finanzmakler.de\/blog\/?page_id=968"},"modified":"2024-07-26T20:07:56","modified_gmt":"2024-07-26T18:07:56","slug":"html-sitemap","status":"publish","type":"page","link":"https:\/\/perfectio-die-finanzmakler.de\/blog\/html-sitemap\/","title":{"rendered":"Webseiten\u00fcbersicht"},"content":{"rendered":"\n<div class=\"rank-math-html-sitemap\"><div class=\"rank-math-html-sitemap__section rank-math-html-sitemap__section--post-type rank-math-html-sitemap__section--post\"><h2 class=\"rank-math-html-sitemap__title\">Beitr\u00e4ge<\/h2><ul class=\"rank-math-html-sitemap__list\"><li class=\"rank-math-html-sitemap__item\"><a href=\"https:\/\/perfectio-die-finanzmakler.de\/blog\/5-abs-1-beamtvg\/\" class=\"rank-math-html-sitemap__link\">5 Abs 1 BeamtVG erkl\u00e4rt \u2013 Ruhegehaltsf\u00e4hige Zeiten 2026<\/a><\/li><li class=\"rank-math-html-sitemap__item\"><a href=\"https:\/\/perfectio-die-finanzmakler.de\/blog\/private-haftpflichtversicherung\/\" class=\"rank-math-html-sitemap__link\">Private Haftpflichtversicherung 2026: Lohnt sich der Schutz wirklich?<\/a><\/li><li class=\"rank-math-html-sitemap__item\"><a href=\"https:\/\/perfectio-die-finanzmakler.de\/blog\/wuerttembergische-versicherung-oeffentlicher-dienst\/\" class=\"rank-math-html-sitemap__link\">W\u00fcrttembergische Versicherung \u00f6ffentlicher Dienst 2026 \u2013 lohnt sich das?<\/a><\/li><li class=\"rank-math-html-sitemap__item\"><a href=\"https:\/\/perfectio-die-finanzmakler.de\/blog\/guenstig-ein-haus-kaufen\/\" class=\"rank-math-html-sitemap__link\">g\u00fcnstig ein Haus kaufen 2026 \u2013 so klappt es als Beamter \/ Angestellter<\/a><\/li><li class=\"rank-math-html-sitemap__item\"><a href=\"https:\/\/perfectio-die-finanzmakler.de\/blog\/konto-eroeffnen\/\" class=\"rank-math-html-sitemap__link\">Konto er\u00f6ffnen 2026: So findest du das beste Girokonto f\u00fcr dich<\/a><\/li><li class=\"rank-math-html-sitemap__item\"><a href=\"https:\/\/perfectio-die-finanzmakler.de\/blog\/private-krankenversicherung-fuer-feuerwehrbeamte\/\" class=\"rank-math-html-sitemap__link\">Private Krankenversicherung f\u00fcr Feuerwehrbeamte 2026: Der ultimative Guide<\/a><\/li><li class=\"rank-math-html-sitemap__item\"><a href=\"https:\/\/perfectio-die-finanzmakler.de\/blog\/vermoegenswirksame-leistungen\/\" class=\"rank-math-html-sitemap__link\">Verm\u00f6genswirksame Leistungen 2026: So holst du das Maximum f\u00fcr dich raus<\/a><\/li><li class=\"rank-math-html-sitemap__item\"><a href=\"https:\/\/perfectio-die-finanzmakler.de\/blog\/zahnzusatzversicherung\/\" class=\"rank-math-html-sitemap__link\">Zahnzusatzversicherung 2026: Der gro\u00dfe Vergleich \u2013 lohnt sich der Schutz wirklich?<\/a><\/li><li class=\"rank-math-html-sitemap__item\"><a href=\"https:\/\/perfectio-die-finanzmakler.de\/blog\/amtshaftpflichtversicherung-vergleich\/\" class=\"rank-math-html-sitemap__link\">Amtshaftpflichtversicherung Vergleich: Finde den besten Schutz f\u00fcr Beamte<\/a><\/li><li class=\"rank-math-html-sitemap__item\"><a href=\"https:\/\/perfectio-die-finanzmakler.de\/blog\/diensthaftpflicht-ohne-privathaftpflicht\/\" class=\"rank-math-html-sitemap__link\">Diensthaftpflicht ohne Privathaftpflicht: Der richtige Schutz f\u00fcr Beamte<\/a><\/li><li class=\"rank-math-html-sitemap__item\"><a href=\"https:\/\/perfectio-die-finanzmakler.de\/blog\/beihilfe-2-kinder\/\" class=\"rank-math-html-sitemap__link\">Beihilfe 2 Kinder: So sicherst du deine Familie als Beamter ab<\/a><\/li><li class=\"rank-math-html-sitemap__item\"><a href=\"https:\/\/perfectio-die-finanzmakler.de\/blog\/unterschied-berufsunfaehigkeit-und-dienstunfaehigkeit\/\" class=\"rank-math-html-sitemap__link\">Unterschied Berufsunf\u00e4higkeit und Dienstunf\u00e4higkeit: Welcher Schutz passt zu dir?<\/a><\/li><li class=\"rank-math-html-sitemap__item\"><a href=\"https:\/\/perfectio-die-finanzmakler.de\/blog\/kleine-wohnung-kaufen\/\" class=\"rank-math-html-sitemap__link\">Kleine Wohnung kaufen: Dein Weg ins Eigenheim<\/a><\/li><li class=\"rank-math-html-sitemap__item\"><a href=\"https:\/\/perfectio-die-finanzmakler.de\/blog\/amtshaftpflichtversicherung\/\" class=\"rank-math-html-sitemap__link\">Amtshaftpflichtversicherung sinnvoll? - Schutz f\u00fcr Beamte und Angestellte im \u00f6ffentlichen Dienst<\/a><\/li><li class=\"rank-math-html-sitemap__item\"><a href=\"https:\/\/perfectio-die-finanzmakler.de\/blog\/vermoegen-aufbauen-mit-40\/\" class=\"rank-math-html-sitemap__link\">Verm\u00f6gen aufbauen mit 40: Dein Weg zur finanziellen Sicherheit<\/a><\/li><li class=\"rank-math-html-sitemap__item\"><a href=\"https:\/\/perfectio-die-finanzmakler.de\/blog\/kapitalanlage-kaufen\/\" class=\"rank-math-html-sitemap__link\">Kapitalanlage kaufen: Dein Weg zu finanzieller Freiheit<\/a><\/li><li class=\"rank-math-html-sitemap__item\"><a href=\"https:\/\/perfectio-die-finanzmakler.de\/blog\/etf-fuer-dummies\/\" class=\"rank-math-html-sitemap__link\">ETF f\u00fcr Dummies: Einfach und clever investieren<\/a><\/li><li class=\"rank-math-html-sitemap__item\"><a href=\"https:\/\/perfectio-die-finanzmakler.de\/blog\/steuerfreie-geldanlagen\/\" class=\"rank-math-html-sitemap__link\">Steuerfreie Geldanlagen 2025: So sichern Sie Ihr Verm\u00f6gen steuerfrei<\/a><\/li><li class=\"rank-math-html-sitemap__item\"><a href=\"https:\/\/perfectio-die-finanzmakler.de\/blog\/unfallversicherung-test\/\" class=\"rank-math-html-sitemap__link\">Unfallversicherung Test: Die besten Angebote im \u00dcberblick<\/a><\/li><li class=\"rank-math-html-sitemap__item\"><a href=\"https:\/\/perfectio-die-finanzmakler.de\/blog\/ing-diba-depot-kosten\/\" class=\"rank-math-html-sitemap__link\">Ing Diba Depot Kosten: G\u00fcnstige Geb\u00fchren im \u00dcberblick<\/a><\/li><li class=\"rank-math-html-sitemap__item\"><a href=\"https:\/\/perfectio-die-finanzmakler.de\/blog\/versicherungsmakler-deutschland\/\" class=\"rank-math-html-sitemap__link\">Versicherungsmakler Deutschland: Ihre unabh\u00e4ngige L\u00f6sung<\/a><\/li><li class=\"rank-math-html-sitemap__item\"><a href=\"https:\/\/perfectio-die-finanzmakler.de\/blog\/unfallversicherung-kinder\/\" class=\"rank-math-html-sitemap__link\">Unfallversicherung Kinder: Der unverzichtbare Schutz<\/a><\/li><li class=\"rank-math-html-sitemap__item\"><a href=\"https:\/\/perfectio-die-finanzmakler.de\/blog\/wie-schuetze-ich-mein-vermoegen-2025-vor-inflation\/\" class=\"rank-math-html-sitemap__link\">Wie sch\u00fctze ich mein Verm\u00f6gen 2025 vor Inflation? Tipps von Ihren Finanzmaklern in Dresden<\/a><\/li><li class=\"rank-math-html-sitemap__item\"><a href=\"https:\/\/perfectio-die-finanzmakler.de\/blog\/versicherungsmakler-wechseln\/\" class=\"rank-math-html-sitemap__link\">Versicherungsmakler wechseln: So gelingt dir der Wechsel einfach und sicher!<\/a><\/li><li class=\"rank-math-html-sitemap__item\"><a href=\"https:\/\/perfectio-die-finanzmakler.de\/blog\/berufsrechtsschutz\/\" class=\"rank-math-html-sitemap__link\">Berufsrechtsschutz: Ihr Schutzschild im Arbeitsleben<\/a><\/li><li class=\"rank-math-html-sitemap__item\"><a href=\"https:\/\/perfectio-die-finanzmakler.de\/blog\/kapitalanlage-wohnung\/\" class=\"rank-math-html-sitemap__link\">Kapitalanlage Wohnung: Wie Sie erfolgreich in Immobilien investieren<\/a><\/li><li class=\"rank-math-html-sitemap__item\"><a href=\"https:\/\/perfectio-die-finanzmakler.de\/blog\/aktien-grundbegriffe\/\" class=\"rank-math-html-sitemap__link\">Aktien Grundbegriffe: Ein Leitfaden f\u00fcr Einsteiger<\/a><\/li><li class=\"rank-math-html-sitemap__item\"><a href=\"https:\/\/perfectio-die-finanzmakler.de\/blog\/solarfonds\/\" class=\"rank-math-html-sitemap__link\">Solarfonds: Nachhaltig investieren um zu profitieren<\/a><\/li><li class=\"rank-math-html-sitemap__item\"><a href=\"https:\/\/perfectio-die-finanzmakler.de\/blog\/grundlagen-aktien\/\" class=\"rank-math-html-sitemap__link\">Grundlagen Aktien: Dein Einstieg in die Welt der Investments<\/a><\/li><li class=\"rank-math-html-sitemap__item\"><a href=\"https:\/\/perfectio-die-finanzmakler.de\/blog\/etfs-fuer-anfaenger\/\" class=\"rank-math-html-sitemap__link\">ETFs f\u00fcr Anf\u00e4nger: Ihr Einstieg in die Welt der Geldanlage<\/a><\/li><li class=\"rank-math-html-sitemap__item\"><a href=\"https:\/\/perfectio-die-finanzmakler.de\/blog\/heilfuersorge-justizvollzug\/\" class=\"rank-math-html-sitemap__link\">Freie Heilf\u00fcrsorge f\u00fcr Justizvollzugsbeamte in Sachsen: Was \u00e4ndert sich ab Mitte 2025?<\/a><\/li><li class=\"rank-math-html-sitemap__item\"><a href=\"https:\/\/perfectio-die-finanzmakler.de\/blog\/technologiemetalle-kaufen\/\" class=\"rank-math-html-sitemap__link\">Technologiemetalle kaufen: Zukunftsinvestitionen in wertvolle Rohstoffe<\/a><\/li><li class=\"rank-math-html-sitemap__item\"><a href=\"https:\/\/perfectio-die-finanzmakler.de\/blog\/unbekannte-foerderungen-staat\/\" class=\"rank-math-html-sitemap__link\">Unbekannte F\u00f6rderungen vom Staat \u2013 So profitierst du 2024<\/a><\/li><li class=\"rank-math-html-sitemap__item\"><a href=\"https:\/\/perfectio-die-finanzmakler.de\/blog\/auto-leasen-oder-kaufen\/\" class=\"rank-math-html-sitemap__link\">Auto leasen oder kaufen: Was ist 2024 die bessere Wahl?<\/a><\/li><li class=\"rank-math-html-sitemap__item\"><a href=\"https:\/\/perfectio-die-finanzmakler.de\/blog\/msci-absturz-2024\/\" class=\"rank-math-html-sitemap__link\">MSCI Absturz: Was jetzt im August 2024 zu tun ist<\/a><\/li><li class=\"rank-math-html-sitemap__item\"><a href=\"https:\/\/perfectio-die-finanzmakler.de\/blog\/finanzamt-2024\/\" class=\"rank-math-html-sitemap__link\">Was das Finanzamt 2024 besonders genau pr\u00fcft - Ein umfassender Ratgeber<\/a><\/li><li class=\"rank-math-html-sitemap__item\"><a href=\"https:\/\/perfectio-die-finanzmakler.de\/blog\/etf-kritikpunkte\/\" class=\"rank-math-html-sitemap__link\">ETF Kritikpunkte - eine umfassende Analyse<\/a><\/li><li class=\"rank-math-html-sitemap__item\"><a href=\"https:\/\/perfectio-die-finanzmakler.de\/blog\/steuererklaerung-selber-machen\/\" class=\"rank-math-html-sitemap__link\">Steuererkl\u00e4rung selbser machen - Ein umfassender Leitfaden f\u00fcr 2024<\/a><\/li><li class=\"rank-math-html-sitemap__item\"><a href=\"https:\/\/perfectio-die-finanzmakler.de\/blog\/wie-viel-sparen\/\" class=\"rank-math-html-sitemap__link\">Wie viel ausgeben, wie viel sparen, wie viel investieren?<\/a><\/li><li class=\"rank-math-html-sitemap__item\"><a href=\"https:\/\/perfectio-die-finanzmakler.de\/blog\/kapitalertragssteuer-vermeiden\/\" class=\"rank-math-html-sitemap__link\">7 Wege zur Vermeidung der Kapitalertragsteuer<\/a><\/li><li class=\"rank-math-html-sitemap__item\"><a href=\"https:\/\/perfectio-die-finanzmakler.de\/blog\/geld-verschwenden\/\" class=\"rank-math-html-sitemap__link\">Geld verschwenden vermeiden: 13 unn\u00f6tige Ausgaben, die du streichen solltest<\/a><\/li><li class=\"rank-math-html-sitemap__item\"><a href=\"https:\/\/perfectio-die-finanzmakler.de\/blog\/photovoltaik-investment\/\" class=\"rank-math-html-sitemap__link\">Photovoltaik Investment: Ein Durchbruch im Jahr 2024<\/a><\/li><li class=\"rank-math-html-sitemap__item\"><a href=\"https:\/\/perfectio-die-finanzmakler.de\/blog\/daytrading-erklaert\/\" class=\"rank-math-html-sitemap__link\">Daytrading erkl\u00e4rt: Ein umfassender Leitfaden f\u00fcr Anf\u00e4nger<\/a><\/li><li class=\"rank-math-html-sitemap__item\"><a href=\"https:\/\/perfectio-die-finanzmakler.de\/blog\/einmalkauf-oder-sparplan\/\" class=\"rank-math-html-sitemap__link\">Einmalkauf oder Sparplan: Die beste Strategie f\u00fcr dein Investment<\/a><\/li><li class=\"rank-math-html-sitemap__item\"><a href=\"https:\/\/perfectio-die-finanzmakler.de\/blog\/steuern-sparen\/\" class=\"rank-math-html-sitemap__link\">Steuern sparen als Immobilien-Investor: Tipps und Strategien<\/a><\/li><li class=\"rank-math-html-sitemap__item\"><a href=\"https:\/\/perfectio-die-finanzmakler.de\/blog\/stromanbieter-wechsel\/\" class=\"rank-math-html-sitemap__link\">Stromanbieter Wechsel: Teure \u00dcberraschungen bei Bonus, Laufzeit &amp; Co. vermeiden<\/a><\/li><li class=\"rank-math-html-sitemap__item\"><a href=\"https:\/\/perfectio-die-finanzmakler.de\/blog\/kostenloses-girokonto\/\" class=\"rank-math-html-sitemap__link\">Kostenloses Girokonto: Trade Republic vs. DKB, ING, C24, N26, comdirect &amp; Co.<\/a><\/li><li class=\"rank-math-html-sitemap__item\"><a href=\"https:\/\/perfectio-die-finanzmakler.de\/blog\/investieren-lernen\/\" class=\"rank-math-html-sitemap__link\">Investieren lernen: Die wichtigsten Tipps f\u00fcr Anf\u00e4nger<\/a><\/li><li class=\"rank-math-html-sitemap__item\"><a href=\"https:\/\/perfectio-die-finanzmakler.de\/blog\/etf-anfaenger-tipps\/\" class=\"rank-math-html-sitemap__link\">ETF Anf\u00e4nger Tipps: So Vermeiden Sie H\u00e4ufige Fehler beim Investieren<\/a><\/li><li class=\"rank-math-html-sitemap__item\"><a href=\"https:\/\/perfectio-die-finanzmakler.de\/blog\/aktien-verstehen\/\" class=\"rank-math-html-sitemap__link\">Aktien verstehen innerhalb von 10 Minuten<\/a><\/li><li class=\"rank-math-html-sitemap__item\"><a href=\"https:\/\/perfectio-die-finanzmakler.de\/blog\/bitcoin\/\" class=\"rank-math-html-sitemap__link\">Bitcoin: Eine Einf\u00fchrung in die Welt der Kryptow\u00e4hrung<\/a><\/li><li class=\"rank-math-html-sitemap__item\"><a href=\"https:\/\/perfectio-die-finanzmakler.de\/blog\/mit-wenig-geld-ein-vermoegen-aufbauen\/\" class=\"rank-math-html-sitemap__link\">Wie man mit wenig Geld ein Verm\u00f6gen aufbauen kann<\/a><\/li><li class=\"rank-math-html-sitemap__item\"><a href=\"https:\/\/perfectio-die-finanzmakler.de\/blog\/investieren-starten\/\" class=\"rank-math-html-sitemap__link\">Investieren starten im Jahr 2024: Der perfekte Einstieg<\/a><\/li><li class=\"rank-math-html-sitemap__item\"><a href=\"https:\/\/perfectio-die-finanzmakler.de\/blog\/ursache-berufsunfaehigkeit\/\" class=\"rank-math-html-sitemap__link\">Ursache Berufsunf\u00e4higkeit 2024: Ein Risiko, das keine Altersgrenze kennt<\/a><\/li><li class=\"rank-math-html-sitemap__item\"><a href=\"https:\/\/perfectio-die-finanzmakler.de\/blog\/absicherung-eines-gewerbegebaeudes\/\" class=\"rank-math-html-sitemap__link\">Die ultimative Anleitung zur Absicherung deines Gewerbegeb\u00e4udes: Tipps vom Gewerbe-Experten Rainer Schamberger - ein Gastbeitrag<\/a><\/li><li class=\"rank-math-html-sitemap__item\"><a href=\"https:\/\/perfectio-die-finanzmakler.de\/blog\/immobilienanlagen-im-nicht-eu-ausland-vor-und-nachteile\/\" class=\"rank-math-html-sitemap__link\">Immobilienanlagen im Nicht-EU- Ausland: Vor- und Nachteile<\/a><\/li><li class=\"rank-math-html-sitemap__item\"><a href=\"https:\/\/perfectio-die-finanzmakler.de\/blog\/finanz-tipps-auf-instagram-wie-erkennst-du-serioese-influencer\/\" class=\"rank-math-html-sitemap__link\">Finanz-Tipps auf Instagram: Wie erkennst du seri\u00f6se Influencer?<\/a><\/li><li class=\"rank-math-html-sitemap__item\"><a href=\"https:\/\/perfectio-die-finanzmakler.de\/blog\/dienstunfaehigkeitsversicherung-fuer-beamte-2024\/\" class=\"rank-math-html-sitemap__link\">Dienstunf\u00e4higkeitsversicherung f\u00fcr Beamte 2024<\/a><\/li><li class=\"rank-math-html-sitemap__item\"><a href=\"https:\/\/perfectio-die-finanzmakler.de\/blog\/beihilfe-sachsen-2024\/\" class=\"rank-math-html-sitemap__link\">Beihilfe Sachsen 2024: Was Sie als Beamter wissen m\u00fcssen<\/a><\/li><li class=\"rank-math-html-sitemap__item\"><a href=\"https:\/\/perfectio-die-finanzmakler.de\/blog\/ab-wann-lohnt-sich-ein-finanzberater\/\" class=\"rank-math-html-sitemap__link\">Ab wann lohnt sich ein Finanzberater?<\/a><\/li><li class=\"rank-math-html-sitemap__item\"><a href=\"https:\/\/perfectio-die-finanzmakler.de\/blog\/schutzbrief-und-adac-welche-pannenhilfe-passt-zu-ihnen\/\" class=\"rank-math-html-sitemap__link\">Schutzbrief und ADAC: Welche Pannenhilfe passt zu Ihnen?<\/a><\/li><li class=\"rank-math-html-sitemap__item\"><a href=\"https:\/\/perfectio-die-finanzmakler.de\/blog\/finanzmakler\/\" class=\"rank-math-html-sitemap__link\">Finanzmakler: Die Rolle und Aufgaben in Deutschland<\/a><\/li><li class=\"rank-math-html-sitemap__item\"><a href=\"https:\/\/perfectio-die-finanzmakler.de\/blog\/immobilienscout24\/\" class=\"rank-math-html-sitemap__link\">Immobilienscout24: Die gro\u00dfe Immo-L\u00fcge<\/a><\/li><li class=\"rank-math-html-sitemap__item\"><a href=\"https:\/\/perfectio-die-finanzmakler.de\/blog\/diensthaftpflichtversicherung\/\" class=\"rank-math-html-sitemap__link\">Diensthaftpflichtversicherung - wozu?<\/a><\/li><li class=\"rank-math-html-sitemap__item\"><a href=\"https:\/\/perfectio-die-finanzmakler.de\/blog\/kleine-wohnung\/\" class=\"rank-math-html-sitemap__link\">Kleine Wohnung - unglaubliche Attraktivit\u00e4t<\/a><\/li><li class=\"rank-math-html-sitemap__item\"><a href=\"https:\/\/perfectio-die-finanzmakler.de\/blog\/unfallversicherung\/\" class=\"rank-math-html-sitemap__link\">Unfallversicherung f\u00fcr Polizeibeamte: So sinnvoll ist sie wirklich<\/a><\/li><li class=\"rank-math-html-sitemap__item\"><a href=\"https:\/\/perfectio-die-finanzmakler.de\/blog\/mietrendite\/\" class=\"rank-math-html-sitemap__link\">Die Mietrendite - zweifelhaftes Kriterium<\/a><\/li><li class=\"rank-math-html-sitemap__item\"><a href=\"https:\/\/perfectio-die-finanzmakler.de\/blog\/immobilien\/\" class=\"rank-math-html-sitemap__link\">Als Polizist ein Verm\u00f6gen mit Immobilien aufbauen<\/a><\/li><li class=\"rank-math-html-sitemap__item\"><a href=\"https:\/\/perfectio-die-finanzmakler.de\/blog\/neubau-als-kapitalanlage\/\" class=\"rank-math-html-sitemap__link\">Neubau als Kapitalanlage - Ungeeignet!<\/a><\/li><li class=\"rank-math-html-sitemap__item\"><a href=\"https:\/\/perfectio-die-finanzmakler.de\/blog\/dienstrechtsschutzversicherung\/\" class=\"rank-math-html-sitemap__link\">Dienstrechtsschutzversicherung - 5 wichtige! Tipps<\/a><\/li><li class=\"rank-math-html-sitemap__item\"><a href=\"https:\/\/perfectio-die-finanzmakler.de\/blog\/immoscout\/\" class=\"rank-math-html-sitemap__link\">ImmoScout - ein Insider packt aus<\/a><\/li><\/ul><\/div><div class=\"rank-math-html-sitemap__section rank-math-html-sitemap__section--post-type rank-math-html-sitemap__section--page\"><h2 class=\"rank-math-html-sitemap__title\">Seiten<\/h2><ul class=\"rank-math-html-sitemap__list\"><li class=\"rank-math-html-sitemap__item\"><a href=\"https:\/\/perfectio-die-finanzmakler.de\/blog\/html-sitemap\/\" class=\"rank-math-html-sitemap__link\">Webseiten\u00fcbersicht<\/a><\/li><li class=\"rank-math-html-sitemap__item\"><a href=\"https:\/\/perfectio-die-finanzmakler.de\/blog\/polizei-gewerkschaften-ein-insider-packt-aus\/\" class=\"rank-math-html-sitemap__link\">Polizei &amp; Gewerkschaften - ein Insider packt aus<\/a><\/li><li class=\"rank-math-html-sitemap__item\"><a href=\"https:\/\/perfectio-die-finanzmakler.de\/blog\/df-tv\/\" class=\"rank-math-html-sitemap__link\">Perfectio TV<\/a><\/li><\/ul><\/div><\/div>\n\n\n\n<p><\/p>\n","protected":false},"excerpt":{"rendered":"","protected":false},"author":1,"featured_media":0,"parent":0,"menu_order":0,"comment_status":"closed","ping_status":"closed","template":"","meta":{"footnotes":""},"class_list":["post-968","page","type-page","status-publish","hentry"],"_links":{"self":[{"href":"https:\/\/perfectio-die-finanzmakler.de\/blog\/wp-json\/wp\/v2\/pages\/968","targetHints":{"allow":["GET"]}}],"collection":[{"href":"https:\/\/perfectio-die-finanzmakler.de\/blog\/wp-json\/wp\/v2\/pages"}],"about":[{"href":"https:\/\/perfectio-die-finanzmakler.de\/blog\/wp-json\/wp\/v2\/types\/page"}],"author":[{"embeddable":true,"href":"https:\/\/perfectio-die-finanzmakler.de\/blog\/wp-json\/wp\/v2\/users\/1"}],"replies":[{"embeddable":true,"href":"https:\/\/perfectio-die-finanzmakler.de\/blog\/wp-json\/wp\/v2\/comments?post=968"}],"version-history":[{"count":4,"href":"https:\/\/perfectio-die-finanzmakler.de\/blog\/wp-json\/wp\/v2\/pages\/968\/revisions"}],"predecessor-version":[{"id":974,"href":"https:\/\/perfectio-die-finanzmakler.de\/blog\/wp-json\/wp\/v2\/pages\/968\/revisions\/974"}],"wp:attachment":[{"href":"https:\/\/perfectio-die-finanzmakler.de\/blog\/wp-json\/wp\/v2\/media?parent=968"}],"curies":[{"name":"wp","href":"https:\/\/api.w.org\/{rel}","templated":true}]}}